{"id":216,"date":"2018-06-07T18:42:37","date_gmt":"2018-06-07T16:42:37","guid":{"rendered":"http:\/\/www.aufrichtung-frankfurt.de\/?page_id=216"},"modified":"2023-12-11T20:37:13","modified_gmt":"2023-12-11T19:37:13","slug":"imprint","status":"publish","type":"page","link":"https:\/\/energetische-wirbelsaeulenaufrichtung.ch\/en\/imprint\/","title":{"rendered":"Imprint"},"content":{"rendered":"<p>[et_pb_section fb_built=&#8221;1&#8243; admin_label=&#8221;section&#8221; _builder_version=&#8221;4.16&#8243; global_colors_info=&#8221;{}&#8221;][et_pb_row _builder_version=&#8221;4.16&#8243; background_size=&#8221;initial&#8221; background_position=&#8221;top_left&#8221; background_repeat=&#8221;repeat&#8221; global_colors_info=&#8221;{}&#8221;][et_pb_column type=&#8221;4_4&#8243; _builder_version=&#8221;4.16&#8243; custom_padding=&#8221;|||&#8221; global_colors_info=&#8221;{}&#8221; custom_padding__hover=&#8221;|||&#8221;][et_pb_image src=&#8221;https:\/\/energetische-wirbelsaeulenaufrichtung.ch\/wp-content\/uploads\/2016\/02\/Logo-Geistige-Aufrichtung-EN.png&#8221; alt=&#8221;The Spiritual Straightening. Mental healing in a new dimension. Frank Pr\u00e4der &#8211; Frankfurt\/Offenbach&#8221; title_text=&#8221;The Spiritual Straightening. Mental healing in a new dimension. Frank Pr\u00e4der &#8211; Frankfurt\/Offenbach&#8221; align_tablet=&#8221;center&#8221; align_last_edited=&#8221;on|desktop&#8221; admin_label=&#8221;Kopfzeile Logo EN 2&#8243; _builder_version=&#8221;4.16&#8243; use_border_color=&#8221;off&#8221; border_color=&#8221;#ffffff&#8221; border_style=&#8221;solid&#8221; animation=&#8221;off&#8221; sticky=&#8221;off&#8221; always_center_on_mobile=&#8221;on&#8221; saved_tabs=&#8221;all&#8221; global_colors_info=&#8221;{}&#8221; align_phone=&#8221;center&#8221;]&nbsp;<br \/>\n[\/et_pb_image][\/et_pb_column][\/et_pb_row][\/et_pb_section][et_pb_section fb_built=&#8221;1&#8243; admin_label=&#8221;section&#8221; _builder_version=&#8221;4.16&#8243; global_colors_info=&#8221;{}&#8221;][et_pb_row admin_label=&#8221;row&#8221; _builder_version=&#8221;4.16&#8243; background_size=&#8221;initial&#8221; background_position=&#8221;top_left&#8221; background_repeat=&#8221;repeat&#8221; global_colors_info=&#8221;{}&#8221; column_structure=&#8221;1_4,3_4&#8243;][et_pb_column type=&#8221;1_4&#8243; _builder_version=&#8221;4.16&#8243; custom_padding=&#8221;|||&#8221; global_colors_info=&#8221;{}&#8221; custom_padding__hover=&#8221;|||&#8221;][et_pb_sidebar area=&#8221;sidebar-1&#8243; _builder_version=&#8221;4.16&#8243; remove_border=&#8221;off&#8221; saved_tabs=&#8221;all&#8221; global_colors_info=&#8221;{}&#8221;]&nbsp;<br \/>\n[\/et_pb_sidebar][\/et_pb_column][et_pb_column type=&#8221;3_4&#8243; _builder_version=&#8221;4.16&#8243; custom_padding=&#8221;|||&#8221; global_colors_info=&#8221;{}&#8221; custom_padding__hover=&#8221;|||&#8221;][et_pb_text _builder_version=&#8221;4.23.1&#8243; background_size=&#8221;initial&#8221; background_position=&#8221;top_left&#8221; background_repeat=&#8221;repeat&#8221; hover_enabled=&#8221;0&#8243; use_border_color=&#8221;off&#8221; global_colors_info=&#8221;{}&#8221; sticky_enabled=&#8221;0&#8243;]<\/p>\n<h2>Imprint<\/h2>\n<p>Raum f\u00fcr Geistiges Heilen<br \/>Frank Pr\u00e4der \u00b7 Reiki Meister\/Lehrer<br \/>Begradigungsheiler<br \/>Wydimatt 139<br \/>3513 Bigenthal<br \/>Kanton Bern (BE)<br \/>SCHWEIZ<br \/>+41 (0) 31 5330714<br \/>Email\u00a0<a href=\"mailto:frank@heilungdergedanken.de\">frank@HeilungDerGedanken.de<\/a><\/p>\n<p>Haftungsausschluss:<\/p>\n<h2>Haftung f\u00fcr Inhalte<\/h2>\n<p>Die Inhalte unserer Seiten wurden mit gr\u00f6\u00dfter Sorgfalt erstellt. F\u00fcr die Richtigkeit, Vollst\u00e4ndigkeit und Aktualit\u00e4t der Inhalte k\u00f6nnen wir jedoch keine Gew\u00e4hr \u00fcbernehmen. Als Diensteanbieter sind wir gem\u00e4\u00df \u00a7 7 Abs.1 TMG f\u00fcr eigene Inhalte auf diesen Seiten nach den allgemeinen Gesetzen verantwortlich. Nach \u00a7\u00a7 8 bis 10 TMG sind wir als Diensteanbieter jedoch nicht verpflichtet, \u00fcbermittelte oder gespeicherte fremde Informationen zu \u00fcberwachen oder nach Umst\u00e4nden zu forschen, die auf eine rechtswidrige T\u00e4tigkeit hinweisen. Verpflichtungen zur Entfernung oder Sperrung der Nutzung von Informationen nach den allgemeinen Gesetzen bleiben hiervon unber\u00fchrt. Eine diesbez\u00fcgliche Haftung ist jedoch erst ab dem Zeitpunkt der Kenntnis einer konkreten Rechtsverletzung m\u00f6glich. Bei Bekanntwerden von entsprechenden Rechtsverletzungen werden wir diese Inhalte umgehend entfernen.<\/p>\n<p>&nbsp;<\/p>\n<h2>Haftung f\u00fcr Links<\/h2>\n<p>Unser Angebot enth\u00e4lt Links zu externen Webseiten Dritter, auf deren Inhalte wir keinen Einfluss haben. Deshalb k\u00f6nnen wir f\u00fcr diese fremden Inhalte auch keine Gew\u00e4hr \u00fcbernehmen. F\u00fcr die Inhalte der verlinkten Seiten ist stets der jeweilige Anbieter oder Betreiber der Seiten verantwortlich. Die verlinkten Seiten wurden zum Zeitpunkt der Verlinkung auf m\u00f6gliche Rechtsverst\u00f6\u00dfe \u00fcberpr\u00fcft. Rechtswidrige Inhalte waren zum Zeitpunkt der Verlinkung nicht erkennbar. Eine permanente inhaltliche Kontrolle der verlinkten Seiten ist jedoch ohne konkrete Anhaltspunkte einer Rechtsverletzung nicht zumutbar. Bei Bekanntwerden von Rechtsverletzungen werden wir derartige Links umgehend entfernen.<\/p>\n<h2>Urheberrecht<\/h2>\n<p>Die durch die Seitenbetreiber erstellten Inhalte und Werke auf diesen Seiten unterliegen dem deutschen Urheberrecht. Die Vervielf\u00e4ltigung, Bearbeitung, Verbreitung und jede Art der Verwertung au\u00dferhalb der Grenzen des Urheberrechtes bed\u00fcrfen der schriftlichen Zustimmung des jeweiligen Autors bzw. Erstellers. Downloads und Kopien dieser Seite sind nur f\u00fcr den privaten, nicht kommerziellen Gebrauch gestattet. Soweit die Inhalte auf dieser Seite nicht vom Betreiber erstellt wurden, werden die Urheberrechte Dritter beachtet. Insbesondere werden Inhalte Dritter als solche gekennzeichnet. Sollten Sie trotzdem auf eine Urheberrechtsverletzung aufmerksam werden, bitten wir um einen entsprechenden Hinweis. Bei Bekanntwerden von Rechtsverletzungen werden wir derartige Inhalte umgehend entfernen.<\/p>\n<p>Quelle:\u00a0<a href=\"http:\/\/www.e-recht24.de\/muster-disclaimer.htm\">Disclaimer<\/a>\u00a0von eRecht24, dem Portal zum Internetrecht von\u00a0<a href=\"http:\/\/www.e-recht24.de\/\">Rechtsanwalt<\/a>\u00a0S\u00f6ren Siebert.<\/p>\n<p>&nbsp;<\/p>\n<h2>Hinweis:<\/h2>\n<p>Aus rechtlichen Gr\u00fcnden mache ich darauf aufmerksam, dass f\u00fcr meine gesamte Arbeit gilt:<\/p>\n<p>1) Reiki und Geistiges Heilen sind spirituelle Heilmethoden, bei der die universelle Lebensenergie durch den Gebenden hindurch in den K\u00f6rper des Empfangenden flie\u00dft. \u00dcbertragen wird somit nicht die pers\u00f6nliche Kraft des Gebenden. Der Gebende dient lediglich als Kanal, durch den Energie flie\u00dft. Der Gebende kann nicht beeinflussen und wird auch nicht beeinflusst.<\/p>\n<p>2) Ich bin weder Arzt noch Heilpraktiker. Die Hilfe geschieht ausschlie\u00dflich durch die geistige Kraft, die sich bei der Behandlung beweist und wie ein Wunder darstellt. Geistige Heilung ist keine Arbeit im \u00e4rztlichen Sinne, sondern ein spiritueller Vorgang. Meine Arbeit dient der Aktivierung der Selbstheilungskr\u00e4fte des Hilfesuchenden. Ich stelle keine medizinischen Diagnosen und rate nicht dazu, dass man Medikamente oder \u00e4rztlich verordnete Therapien absetzen soll. Meine Behandlung ersetzt nicht die Diagnose oder die Behandlung durch einen Arzt. Ich respektiere die Arbeit der \u00c4rzte und Heilpraktiker.<\/p>\n<p>3) Ich gebe kein Heilversprechen, da jeder Mensch unberechenbar und f\u00fcr sein Denken, F\u00fchlen und Handeln in seinem Alltag selbst verantwortlich ist. Jede Handlung, jeder Gedanke, jedes Gef\u00fchl manifestiert Realit\u00e4t entsprechend des Gesetzes von Ursache und Wirkung. Je uneingeschr\u00e4nkter das Wirken der geistigen Kraft vom Klienten bejaht wird, umso gr\u00f6\u00dfer ist der Erfolg.<\/p>\n<p>4) Meine gesamte Heilarbeit steht nicht im Zusammenhang mit einer Religion, einer Institution oder einem Dogma! Reiki und\/ oder Geistiges Heilen ist nach meinem Verst\u00e4ndnis frei von Begrenzungen, Beurteilungen und hat unter anderem das Ziel, geistig zu wachsen und sich von gesellschaftlichen Denkmustern zu befreien.<\/p>\n<p>[\/et_pb_text][\/et_pb_column][\/et_pb_row][\/et_pb_section]<\/p>\n","protected":false},"excerpt":{"rendered":"<p>&nbsp; &nbsp; Imprint Raum f\u00fcr Geistiges HeilenFrank Pr\u00e4der \u00b7 Reiki Meister\/LehrerBegradigungsheilerWydimatt 1393513 BigenthalKanton Bern (BE)SCHWEIZ+41 (0) 31 5330714Email\u00a0frank@HeilungDerGedanken.de Haftungsausschluss: Haftung f\u00fcr Inhalte Die Inhalte unserer Seiten wurden mit gr\u00f6\u00dfter Sorgfalt erstellt. F\u00fcr die Richtigkeit, Vollst\u00e4ndigkeit und Aktualit\u00e4t der Inhalte k\u00f6nnen wir jedoch keine Gew\u00e4hr \u00fcbernehmen. Als Diensteanbieter sind wir gem\u00e4\u00df \u00a7 7 Abs.1 TMG f\u00fcr [&hellip;]<\/p>\n","protected":false},"author":1,"featured_media":0,"parent":0,"menu_order":7,"comment_status":"closed","ping_status":"closed","template":"page-template-blank.php","meta":{"_et_pb_use_builder":"on","_et_pb_old_content":"","_et_gb_content_width":"","footnotes":""},"class_list":["post-216","page","type-page","status-publish","hentry"],"yoast_head":"<!-- This site is optimized with the Yoast SEO plugin v27.3 - https:\/\/yoast.com\/product\/yoast-seo-wordpress\/ -->\n<title>Evidenced Spiritual Healing<\/title>\n<meta name=\"description\" content=\"However, what is visible is only a minor part of the impact of the Spiritual Straightening. This healing manner acts multi-dimensional on the spiritual-, body- and emotional Level.\" \/>\n<meta name=\"robots\" content=\"noindex, follow, max-snippet:-1, max-image-preview:large, max-video-preview:-1\" \/>\n<meta property=\"og:locale\" content=\"en_US\" \/>\n<meta property=\"og:type\" content=\"article\" \/>\n<meta property=\"og:title\" content=\"Evidenced Spiritual Healing\" \/>\n<meta property=\"og:description\" content=\"However, what is visible is only a minor part of the impact of the Spiritual Straightening. This healing manner acts multi-dimensional on the spiritual-, body- and emotional Level.\" \/>\n<meta property=\"og:url\" content=\"https:\/\/energetische-wirbelsaeulenaufrichtung.ch\/en\/imprint\/\" \/>\n<meta property=\"og:site_name\" content=\"Geistige Wirbels\u00e4ulenaufrichtung - Frank Pr\u00e4der Bern\/Emmental\" \/>\n<meta property=\"article:modified_time\" content=\"2023-12-11T19:37:13+00:00\" \/>\n<meta property=\"og:image\" content=\"https:\/\/energetische-wirbelsaeulenaufrichtung.ch\/wp-content\/uploads\/2016\/02\/figur-wirbels\u00e4ulenaufrichtung.jpg\" \/>\n\t<meta property=\"og:image:width\" content=\"261\" \/>\n\t<meta property=\"og:image:height\" content=\"290\" \/>\n\t<meta property=\"og:image:type\" content=\"image\/jpeg\" \/>\n<meta name=\"twitter:card\" content=\"summary_large_image\" \/>\n<meta name=\"twitter:label1\" content=\"Est. reading time\" \/>\n\t<meta name=\"twitter:data1\" content=\"4 minutes\" \/>\n<script type=\"application\/ld+json\" class=\"yoast-schema-graph\">{\"@context\":\"https:\\\/\\\/schema.org\",\"@graph\":[{\"@type\":\"WebPage\",\"@id\":\"https:\\\/\\\/energetische-wirbelsaeulenaufrichtung.ch\\\/en\\\/imprint\\\/\",\"url\":\"https:\\\/\\\/energetische-wirbelsaeulenaufrichtung.ch\\\/en\\\/imprint\\\/\",\"name\":\"Evidenced Spiritual Healing\",\"isPartOf\":{\"@id\":\"https:\\\/\\\/energetische-wirbelsaeulenaufrichtung.ch\\\/#website\"},\"datePublished\":\"2018-06-07T16:42:37+00:00\",\"dateModified\":\"2023-12-11T19:37:13+00:00\",\"description\":\"However, what is visible is only a minor part of the impact of the Spiritual Straightening. This healing manner acts multi-dimensional on the spiritual-, body- and emotional Level.\",\"breadcrumb\":{\"@id\":\"https:\\\/\\\/energetische-wirbelsaeulenaufrichtung.ch\\\/en\\\/imprint\\\/#breadcrumb\"},\"inLanguage\":\"en-US\",\"potentialAction\":[{\"@type\":\"ReadAction\",\"target\":[\"https:\\\/\\\/energetische-wirbelsaeulenaufrichtung.ch\\\/en\\\/imprint\\\/\"]}]},{\"@type\":\"BreadcrumbList\",\"@id\":\"https:\\\/\\\/energetische-wirbelsaeulenaufrichtung.ch\\\/en\\\/imprint\\\/#breadcrumb\",\"itemListElement\":[{\"@type\":\"ListItem\",\"position\":1,\"name\":\"Home\",\"item\":\"https:\\\/\\\/energetische-wirbelsaeulenaufrichtung.ch\\\/en\\\/\"},{\"@type\":\"ListItem\",\"position\":2,\"name\":\"Imprint\"}]},{\"@type\":\"WebSite\",\"@id\":\"https:\\\/\\\/energetische-wirbelsaeulenaufrichtung.ch\\\/#website\",\"url\":\"https:\\\/\\\/energetische-wirbelsaeulenaufrichtung.ch\\\/\",\"name\":\"Geistige Wirbels\u00e4ulenaufrichtung - Frank Pr\u00e4der Bern\\\/Emmental\",\"description\":\"Energetische Wirbels\u00e4ulenaufrichtung Emmental, Kanton Bern, Schweiz\",\"publisher\":{\"@id\":\"https:\\\/\\\/energetische-wirbelsaeulenaufrichtung.ch\\\/#organization\"},\"alternateName\":\"Energetische Wirbels\u00e4ulenaufrichtung Bern\\\/Emmental\",\"potentialAction\":[{\"@type\":\"SearchAction\",\"target\":{\"@type\":\"EntryPoint\",\"urlTemplate\":\"https:\\\/\\\/energetische-wirbelsaeulenaufrichtung.ch\\\/?s={search_term_string}\"},\"query-input\":{\"@type\":\"PropertyValueSpecification\",\"valueRequired\":true,\"valueName\":\"search_term_string\"}}],\"inLanguage\":\"en-US\"},{\"@type\":\"Organization\",\"@id\":\"https:\\\/\\\/energetische-wirbelsaeulenaufrichtung.ch\\\/#organization\",\"name\":\"Geistige Wirbels\u00e4ulenaufrichtung - Frank Pr\u00e4der Bern\\\/Emmental\",\"url\":\"https:\\\/\\\/energetische-wirbelsaeulenaufrichtung.ch\\\/\",\"logo\":{\"@type\":\"ImageObject\",\"inLanguage\":\"en-US\",\"@id\":\"https:\\\/\\\/energetische-wirbelsaeulenaufrichtung.ch\\\/#\\\/schema\\\/logo\\\/image\\\/\",\"url\":\"https:\\\/\\\/energetische-wirbelsaeulenaufrichtung.ch\\\/wp-content\\\/uploads\\\/2016\\\/02\\\/logogeistigeaurfrichtung.png\",\"contentUrl\":\"https:\\\/\\\/energetische-wirbelsaeulenaufrichtung.ch\\\/wp-content\\\/uploads\\\/2016\\\/02\\\/logogeistigeaurfrichtung.png\",\"width\":800,\"height\":185,\"caption\":\"Geistige Wirbels\u00e4ulenaufrichtung - Frank Pr\u00e4der Bern\\\/Emmental\"},\"image\":{\"@id\":\"https:\\\/\\\/energetische-wirbelsaeulenaufrichtung.ch\\\/#\\\/schema\\\/logo\\\/image\\\/\"}}]}<\/script>\n<!-- \/ Yoast SEO plugin. -->","yoast_head_json":{"title":"Evidenced Spiritual Healing","description":"However, what is visible is only a minor part of the impact of the Spiritual Straightening. This healing manner acts multi-dimensional on the spiritual-, body- and emotional Level.","robots":{"index":"noindex","follow":"follow","max-snippet":"max-snippet:-1","max-image-preview":"max-image-preview:large","max-video-preview":"max-video-preview:-1"},"og_locale":"en_US","og_type":"article","og_title":"Evidenced Spiritual Healing","og_description":"However, what is visible is only a minor part of the impact of the Spiritual Straightening. This healing manner acts multi-dimensional on the spiritual-, body- and emotional Level.","og_url":"https:\/\/energetische-wirbelsaeulenaufrichtung.ch\/en\/imprint\/","og_site_name":"Geistige Wirbels\u00e4ulenaufrichtung - Frank Pr\u00e4der Bern\/Emmental","article_modified_time":"2023-12-11T19:37:13+00:00","og_image":[{"width":261,"height":290,"url":"https:\/\/energetische-wirbelsaeulenaufrichtung.ch\/wp-content\/uploads\/2016\/02\/figur-wirbels\u00e4ulenaufrichtung.jpg","type":"image\/jpeg"}],"twitter_card":"summary_large_image","twitter_misc":{"Est. reading time":"4 minutes"},"schema":{"@context":"https:\/\/schema.org","@graph":[{"@type":"WebPage","@id":"https:\/\/energetische-wirbelsaeulenaufrichtung.ch\/en\/imprint\/","url":"https:\/\/energetische-wirbelsaeulenaufrichtung.ch\/en\/imprint\/","name":"Evidenced Spiritual Healing","isPartOf":{"@id":"https:\/\/energetische-wirbelsaeulenaufrichtung.ch\/#website"},"datePublished":"2018-06-07T16:42:37+00:00","dateModified":"2023-12-11T19:37:13+00:00","description":"However, what is visible is only a minor part of the impact of the Spiritual Straightening. This healing manner acts multi-dimensional on the spiritual-, body- and emotional Level.","breadcrumb":{"@id":"https:\/\/energetische-wirbelsaeulenaufrichtung.ch\/en\/imprint\/#breadcrumb"},"inLanguage":"en-US","potentialAction":[{"@type":"ReadAction","target":["https:\/\/energetische-wirbelsaeulenaufrichtung.ch\/en\/imprint\/"]}]},{"@type":"BreadcrumbList","@id":"https:\/\/energetische-wirbelsaeulenaufrichtung.ch\/en\/imprint\/#breadcrumb","itemListElement":[{"@type":"ListItem","position":1,"name":"Home","item":"https:\/\/energetische-wirbelsaeulenaufrichtung.ch\/en\/"},{"@type":"ListItem","position":2,"name":"Imprint"}]},{"@type":"WebSite","@id":"https:\/\/energetische-wirbelsaeulenaufrichtung.ch\/#website","url":"https:\/\/energetische-wirbelsaeulenaufrichtung.ch\/","name":"Geistige Wirbels\u00e4ulenaufrichtung - Frank Pr\u00e4der Bern\/Emmental","description":"Energetische Wirbels\u00e4ulenaufrichtung Emmental, Kanton Bern, Schweiz","publisher":{"@id":"https:\/\/energetische-wirbelsaeulenaufrichtung.ch\/#organization"},"alternateName":"Energetische Wirbels\u00e4ulenaufrichtung Bern\/Emmental","potentialAction":[{"@type":"SearchAction","target":{"@type":"EntryPoint","urlTemplate":"https:\/\/energetische-wirbelsaeulenaufrichtung.ch\/?s={search_term_string}"},"query-input":{"@type":"PropertyValueSpecification","valueRequired":true,"valueName":"search_term_string"}}],"inLanguage":"en-US"},{"@type":"Organization","@id":"https:\/\/energetische-wirbelsaeulenaufrichtung.ch\/#organization","name":"Geistige Wirbels\u00e4ulenaufrichtung - Frank Pr\u00e4der Bern\/Emmental","url":"https:\/\/energetische-wirbelsaeulenaufrichtung.ch\/","logo":{"@type":"ImageObject","inLanguage":"en-US","@id":"https:\/\/energetische-wirbelsaeulenaufrichtung.ch\/#\/schema\/logo\/image\/","url":"https:\/\/energetische-wirbelsaeulenaufrichtung.ch\/wp-content\/uploads\/2016\/02\/logogeistigeaurfrichtung.png","contentUrl":"https:\/\/energetische-wirbelsaeulenaufrichtung.ch\/wp-content\/uploads\/2016\/02\/logogeistigeaurfrichtung.png","width":800,"height":185,"caption":"Geistige Wirbels\u00e4ulenaufrichtung - Frank Pr\u00e4der Bern\/Emmental"},"image":{"@id":"https:\/\/energetische-wirbelsaeulenaufrichtung.ch\/#\/schema\/logo\/image\/"}}]}},"_links":{"self":[{"href":"https:\/\/energetische-wirbelsaeulenaufrichtung.ch\/en\/wp-json\/wp\/v2\/pages\/216","targetHints":{"allow":["GET"]}}],"collection":[{"href":"https:\/\/energetische-wirbelsaeulenaufrichtung.ch\/en\/wp-json\/wp\/v2\/pages"}],"about":[{"href":"https:\/\/energetische-wirbelsaeulenaufrichtung.ch\/en\/wp-json\/wp\/v2\/types\/page"}],"author":[{"embeddable":true,"href":"https:\/\/energetische-wirbelsaeulenaufrichtung.ch\/en\/wp-json\/wp\/v2\/users\/1"}],"replies":[{"embeddable":true,"href":"https:\/\/energetische-wirbelsaeulenaufrichtung.ch\/en\/wp-json\/wp\/v2\/comments?post=216"}],"version-history":[{"count":3,"href":"https:\/\/energetische-wirbelsaeulenaufrichtung.ch\/en\/wp-json\/wp\/v2\/pages\/216\/revisions"}],"predecessor-version":[{"id":288,"href":"https:\/\/energetische-wirbelsaeulenaufrichtung.ch\/en\/wp-json\/wp\/v2\/pages\/216\/revisions\/288"}],"wp:attachment":[{"href":"https:\/\/energetische-wirbelsaeulenaufrichtung.ch\/en\/wp-json\/wp\/v2\/media?parent=216"}],"curies":[{"name":"wp","href":"https:\/\/api.w.org\/{rel}","templated":true}]}}